{"id":861,"date":"2024-01-26T15:53:32","date_gmt":"2024-01-26T14:53:32","guid":{"rendered":"https:\/\/www.soundman-instruments.com\/?post_type=product&#038;p=861"},"modified":"2024-03-01T09:44:31","modified_gmt":"2024-03-01T08:44:31","slug":"etu-613r-tuba-in-b-4-drehventile-kaiser-goldmessing","status":"publish","type":"product","link":"https:\/\/www.soundman-instruments.com\/?product=etu-613r-tuba-in-b-4-drehventile-kaiser-goldmessing","title":{"rendered":"ETU-613R Tuba in B, 4 Drehventile (Kaiser), Goldmessing"},"content":{"rendered":"<p>Unsere 4-ventilige ETU-613R Bb Tuba ist sehr kompakt gebaut: Trotz einer Gesamth\u00f6he von nur 90cm besticht die Tuba durch einen klaren und sehr pr\u00e4senten Klang und ein exzellentes Resonanzverhalten. Ideal f\u00fcr Sch\u00fcler!<\/p>\n","protected":false},"excerpt":{"rendered":"<ul>\n<li>\u00a0Tuba in Bb, Goldmessing<\/li>\n<li>\u00a0Neusilber-Stimmz\u00fcge<\/li>\n<li>\u00a04 Drehventile<\/li>\n<li>\u00a0Bohrung: 20 mm, Trichterdurchmesser: 450 mm<\/li>\n<li>\u00a0Gesamth\u00f6he: 900 mm<\/li>\n<li>\u00a0Gewicht: ca. 11 kg<\/li>\n<li>\u00a0inkl. Mundst\u00fcck<\/li>\n<li>\u00a0inkl. stabilem Koffer<\/li>\n<\/ul>\n","protected":false},"featured_media":112,"template":"","meta":{"_themeisle_gutenberg_block_has_review":false},"product_cat":[34],"product_tag":[],"_links":{"self":[{"href":"https:\/\/www.soundman-instruments.com\/index.php?rest_route=\/wp\/v2\/product\/861"}],"collection":[{"href":"https:\/\/www.soundman-instruments.com\/index.php?rest_route=\/wp\/v2\/product"}],"about":[{"href":"https:\/\/www.soundman-instruments.com\/index.php?rest_route=\/wp\/v2\/types\/product"}],"wp:featuredmedia":[{"embeddable":true,"href":"https:\/\/www.soundman-instruments.com\/index.php?rest_route=\/wp\/v2\/media\/112"}],"wp:attachment":[{"href":"https:\/\/www.soundman-instruments.com\/index.php?rest_route=%2Fwp%2Fv2%2Fmedia&parent=861"}],"wp:term":[{"taxonomy":"product_cat","embeddable":true,"href":"https:\/\/www.soundman-instruments.com\/index.php?rest_route=%2Fwp%2Fv2%2Fproduct_cat&post=861"},{"taxonomy":"product_tag","embeddable":true,"href":"https:\/\/www.soundman-instruments.com\/index.php?rest_route=%2Fwp%2Fv2%2Fproduct_tag&post=861"}],"curies":[{"name":"wp","href":"https:\/\/api.w.org\/{rel}","templated":true}]}}