{"id":858,"date":"2024-01-26T14:53:32","date_gmt":"2024-01-26T14:53:32","guid":{"rendered":"https:\/\/www.soundman-instruments.com\/?post_type=product&#038;p=858"},"modified":"2024-09-03T10:06:17","modified_gmt":"2024-09-03T08:06:17","slug":"ebhd-623r-bariton-mit-4-drehventilen-goldmessing","status":"publish","type":"product","link":"https:\/\/www.soundman-instruments.com\/?product=ebhd-623r-bariton-mit-4-drehventilen-goldmessing","title":{"rendered":"EBHd-623R Kaiserbariton mit 4 Drehventilen, Goldmessing"},"content":{"rendered":"<p>Unser EBHd-623R Kaiserbariton verf\u00fcgt \u00fcber ausgezeichnete musikalische Eigenschaften: Aufgrund seiner guten Ansprache, der pr\u00e4zisen Intonation und dem runden Klang ist es ideal f\u00fcr den regelm\u00e4\u00dfigen Gebrauch in Schulen (Bl\u00e4serklassen) oder aber auch in Vereinen (Musikschulen, Orchester, Karnevalsvereine, etc.). Das Bariton eignet sich zudem beispielsweise in Bl\u00e4serklassen zun\u00e4chst als Einstiegsinstrument f\u00fcr den sp\u00e4teren Wechsel auf die Tuba. Es braucht aufgrund seiner guten Eigenschaften den Vergleich mit kostspieligeren Modellen nicht zu scheuen.<\/p>\n","protected":false},"excerpt":{"rendered":"<ul>\n<li>Soundman\u00ae EBHd-623R Kaiserbariton in B &#8211;<\/li>\n<li>4 Drehventile &#8211;<\/li>\n<li>Goldmessingkorpus &#8211;<\/li>\n<li>Schallbecherdurchmesser: 280 mm &#8211;<\/li>\n<li>Bohrung: 15 mm &#8211;<\/li>\n<li>H\u00f6he: 800 mm &#8211;<\/li>\n<li>inkl. Mundst\u00fcck und Koffer<\/li>\n<\/ul>\n","protected":false},"featured_media":1677,"template":"","meta":{"_themeisle_gutenberg_block_has_review":false},"product_cat":[31],"product_tag":[],"_links":{"self":[{"href":"https:\/\/www.soundman-instruments.com\/index.php?rest_route=\/wp\/v2\/product\/858"}],"collection":[{"href":"https:\/\/www.soundman-instruments.com\/index.php?rest_route=\/wp\/v2\/product"}],"about":[{"href":"https:\/\/www.soundman-instruments.com\/index.php?rest_route=\/wp\/v2\/types\/product"}],"wp:featuredmedia":[{"embeddable":true,"href":"https:\/\/www.soundman-instruments.com\/index.php?rest_route=\/wp\/v2\/media\/1677"}],"wp:attachment":[{"href":"https:\/\/www.soundman-instruments.com\/index.php?rest_route=%2Fwp%2Fv2%2Fmedia&parent=858"}],"wp:term":[{"taxonomy":"product_cat","embeddable":true,"href":"https:\/\/www.soundman-instruments.com\/index.php?rest_route=%2Fwp%2Fv2%2Fproduct_cat&post=858"},{"taxonomy":"product_tag","embeddable":true,"href":"https:\/\/www.soundman-instruments.com\/index.php?rest_route=%2Fwp%2Fv2%2Fproduct_tag&post=858"}],"curies":[{"name":"wp","href":"https:\/\/api.w.org\/{rel}","templated":true}]}}