{"id":857,"date":"2024-01-26T14:53:32","date_gmt":"2024-01-26T14:53:32","guid":{"rendered":"https:\/\/www.soundman-instruments.com\/?post_type=product&#038;p=857"},"modified":"2024-09-03T10:36:01","modified_gmt":"2024-09-03T08:36:01","slug":"ethd-615r-tenorhorn-mit-3-drehventilen-goldmessing","status":"publish","type":"product","link":"https:\/\/www.soundman-instruments.com\/?product=ethd-615r-tenorhorn-mit-3-drehventilen-goldmessing","title":{"rendered":"ETHd-615R Tenorhorn mit 3 Drehventilen, Goldmessing"},"content":{"rendered":"<p>Unser Soundman\u00ae ETHd-615R Tenorhorn in B bietet einen optimalen Klang zu einem mehr als fairen Preis und wird daher von Sch\u00fclern wie von erfahrenen Spielern gleicherma\u00dfen gesch\u00e4tzt.<\/p>\n<p>Das Instrument ist mit 3 stabil verbauten\u00a0Drehventilen\u00a0ausgestattet und besitzt einen hochwertigen Goldmessingkorpus.<\/p>\n<p>Die Bohrung liegt bei 13,9mm, der Trichterdurchmesser bei 271,5 mm.<\/p>\n","protected":false},"excerpt":{"rendered":"<ul>\n<li>Tenorhorn in Bb &#8211;<\/li>\n<li>\u00a03 Drehventile &#8211;<\/li>\n<li>\u00a0Goldmessingkorpus &#8211;<\/li>\n<li>\u00a0Bohrung: 13,9mm &#8211;<\/li>\n<li>\u00a0Trichterdurchmesser. 271,5mm<\/li>\n<\/ul>\n","protected":false},"featured_media":1589,"template":"","meta":{"_themeisle_gutenberg_block_has_review":false},"product_cat":[33],"product_tag":[],"_links":{"self":[{"href":"https:\/\/www.soundman-instruments.com\/index.php?rest_route=\/wp\/v2\/product\/857"}],"collection":[{"href":"https:\/\/www.soundman-instruments.com\/index.php?rest_route=\/wp\/v2\/product"}],"about":[{"href":"https:\/\/www.soundman-instruments.com\/index.php?rest_route=\/wp\/v2\/types\/product"}],"wp:featuredmedia":[{"embeddable":true,"href":"https:\/\/www.soundman-instruments.com\/index.php?rest_route=\/wp\/v2\/media\/1589"}],"wp:attachment":[{"href":"https:\/\/www.soundman-instruments.com\/index.php?rest_route=%2Fwp%2Fv2%2Fmedia&parent=857"}],"wp:term":[{"taxonomy":"product_cat","embeddable":true,"href":"https:\/\/www.soundman-instruments.com\/index.php?rest_route=%2Fwp%2Fv2%2Fproduct_cat&post=857"},{"taxonomy":"product_tag","embeddable":true,"href":"https:\/\/www.soundman-instruments.com\/index.php?rest_route=%2Fwp%2Fv2%2Fproduct_tag&post=857"}],"curies":[{"name":"wp","href":"https:\/\/api.w.org\/{rel}","templated":true}]}}