{"id":848,"date":"2024-01-26T15:53:32","date_gmt":"2024-01-26T14:53:32","guid":{"rendered":"https:\/\/www.soundman-instruments.com\/?post_type=product&#038;p=848"},"modified":"2024-09-02T14:13:23","modified_gmt":"2024-09-02T12:13:23","slug":"etp-512-tenorposaune-kleine-bohrung","status":"publish","type":"product","link":"https:\/\/www.soundman-instruments.com\/?product=etp-512-tenorposaune-kleine-bohrung","title":{"rendered":"ETP-512 Tenorposaune (kleine Bohrung)"},"content":{"rendered":"<p>Diese Soundman\u00ae ETP-512 Tenorposaune\u00a0in B ist besitzt eine angenehm leichte Ansprache. Perfekt geeignet f\u00fcr Anf\u00e4nger, aber auch f\u00fcr erfahrene Spiele eine gute Wahl.<\/p>\n<p>Die mit 12,7 relativ enge Bohrung verleiht dem Instrument einen einzigartigen Klang. Der Au\u00dfenzug besteht aus Neusilber, w\u00e4hrend der Innenzug verchromt ist.<\/p>\n","protected":false},"excerpt":{"rendered":"<ul>\n<li>Soundman\u00ae ETP-512 Tenorposaune in B &#8211;<\/li>\n<li>Material: Messing lackiert &#8211;<\/li>\n<li>kleine Bohrung: 12,70 mm &#8211;<\/li>\n<li>Neusilber-Au\u00dfenzug &#8211;<\/li>\n<li>verchromter Innenzug &#8211;<\/li>\n<li>Mundst\u00fcck, Gigbag und Pflegezubeh\u00f6r in der Lieferung inbegriffen<\/li>\n<\/ul>\n","protected":false},"featured_media":102,"template":"","meta":{"_themeisle_gutenberg_block_has_review":false},"product_cat":[30],"product_tag":[],"_links":{"self":[{"href":"https:\/\/www.soundman-instruments.com\/index.php?rest_route=\/wp\/v2\/product\/848"}],"collection":[{"href":"https:\/\/www.soundman-instruments.com\/index.php?rest_route=\/wp\/v2\/product"}],"about":[{"href":"https:\/\/www.soundman-instruments.com\/index.php?rest_route=\/wp\/v2\/types\/product"}],"wp:featuredmedia":[{"embeddable":true,"href":"https:\/\/www.soundman-instruments.com\/index.php?rest_route=\/wp\/v2\/media\/102"}],"wp:attachment":[{"href":"https:\/\/www.soundman-instruments.com\/index.php?rest_route=%2Fwp%2Fv2%2Fmedia&parent=848"}],"wp:term":[{"taxonomy":"product_cat","embeddable":true,"href":"https:\/\/www.soundman-instruments.com\/index.php?rest_route=%2Fwp%2Fv2%2Fproduct_cat&post=848"},{"taxonomy":"product_tag","embeddable":true,"href":"https:\/\/www.soundman-instruments.com\/index.php?rest_route=%2Fwp%2Fv2%2Fproduct_tag&post=848"}],"curies":[{"name":"wp","href":"https:\/\/api.w.org\/{rel}","templated":true}]}}