{"id":846,"date":"2024-01-26T15:53:32","date_gmt":"2024-01-26T14:53:32","guid":{"rendered":"https:\/\/www.soundman-instruments.com\/?post_type=product&#038;p=846"},"modified":"2024-09-02T11:38:40","modified_gmt":"2024-09-02T09:38:40","slug":"efh-850g-fluegelhorn-mit-drehventilen","status":"publish","type":"product","link":"https:\/\/www.soundman-instruments.com\/?product=efh-850g-fluegelhorn-mit-drehventilen","title":{"rendered":"EFH-850G Fl\u00fcgelhorn Goldmessing, mit Drehventilen"},"content":{"rendered":"<p>Unser Soundman\u00ae EFH-850G Fl\u00fcgelhorn in B kommt mit 3 Drehventilen aus Edelstahl. Das Instrument ist aus Messing gefertigt und besitzt eine Goldmessing-Lackierung. Die Bohrung liegt bei 10,5 mm; der Trichterdurchmesser bei 159 mm.<\/p>\n<p>Dem\u00a0 EFH-850G liegen Koffer, Mundst\u00fcck sowie Pflegezubeh\u00f6r bei, so dass Sie sofort loslegen k\u00f6nnen.<\/p>\n","protected":false},"excerpt":{"rendered":"<ul class=\"a-unordered-list a-vertical a-spacing-mini\">\n<li>Soundman\u00ae EFH-850G Fl\u00fcgelhorn in B<\/li>\n<li>Schallbecher \u00d8: 159 mm<\/li>\n<li>Bohrung \u00d8: 10,5 mm<\/li>\n<li>3 Drehventile aus Edelstahl<\/li>\n<li>Material: Messing<\/li>\n<li>Goldmessing-Lackierung<\/li>\n<li>Koffer, Mundst\u00fcck sowie Pflegezubeh\u00f6r inklusive<\/li>\n<\/ul>\n","protected":false},"featured_media":1651,"template":"","meta":{"_themeisle_gutenberg_block_has_review":false},"product_cat":[29],"product_tag":[],"_links":{"self":[{"href":"https:\/\/www.soundman-instruments.com\/index.php?rest_route=\/wp\/v2\/product\/846"}],"collection":[{"href":"https:\/\/www.soundman-instruments.com\/index.php?rest_route=\/wp\/v2\/product"}],"about":[{"href":"https:\/\/www.soundman-instruments.com\/index.php?rest_route=\/wp\/v2\/types\/product"}],"wp:featuredmedia":[{"embeddable":true,"href":"https:\/\/www.soundman-instruments.com\/index.php?rest_route=\/wp\/v2\/media\/1651"}],"wp:attachment":[{"href":"https:\/\/www.soundman-instruments.com\/index.php?rest_route=%2Fwp%2Fv2%2Fmedia&parent=846"}],"wp:term":[{"taxonomy":"product_cat","embeddable":true,"href":"https:\/\/www.soundman-instruments.com\/index.php?rest_route=%2Fwp%2Fv2%2Fproduct_cat&post=846"},{"taxonomy":"product_tag","embeddable":true,"href":"https:\/\/www.soundman-instruments.com\/index.php?rest_route=%2Fwp%2Fv2%2Fproduct_tag&post=846"}],"curies":[{"name":"wp","href":"https:\/\/api.w.org\/{rel}","templated":true}]}}