{"id":843,"date":"2024-01-26T15:53:25","date_gmt":"2024-01-26T14:53:25","guid":{"rendered":"https:\/\/www.soundman-instruments.com\/?post_type=product&#038;p=843"},"modified":"2024-03-01T09:44:29","modified_gmt":"2024-03-01T08:44:29","slug":"ecr-501r-kornett-mit-goldmessing-becher","status":"publish","type":"product","link":"https:\/\/www.soundman-instruments.com\/?product=ecr-501r-kornett-mit-goldmessing-becher","title":{"rendered":"ECR-501R Kornett mit Goldmessing-Becher"},"content":{"rendered":"<p>Unser Soundman\u00ae-Kornett in Goldmessing ist Teil unserer 500er-Serie. <\/p>\n<p>Instrumente aus Goldmessing haben im Vergleich zu normalen Messinginstrumenten einen etwas helleren Klang und schimmern leicht r\u00f6tlich. Die Robustheit und die ausgezeichneten musikalischen Eigenschaften dieses Instrumentes sind ideal f\u00fcr den regelm\u00e4\u00dfigen Gebrauch bei Anf\u00e4ngern und Fortgeschrittenen.<\/p>\n","protected":false},"excerpt":{"rendered":"<ul>\n<li>\u00a0Goldmessing Schallst\u00fcck, lackiert<\/li>\n<li>\u00a0Neusilber-Stimmz\u00fcge<\/li>\n<li>\u00a03 Stahl-P\u00e9rinetventile<\/li>\n<li>\u00a0Schallst\u00fcckdurchmesser: 122 mm<\/li>\n<li>\u00a0Bohrung: 11,70 mm<\/li>\n<li>\u00a0Gewicht: 1.100 g<\/li>\n<li>\u00a0inkl. Rucksacktasche, Mundst\u00fcck und Pflegezubeh\u00f6r<\/li>\n<\/ul>\n","protected":false},"featured_media":99,"template":"","meta":{"_themeisle_gutenberg_block_has_review":false},"product_cat":[28],"product_tag":[],"_links":{"self":[{"href":"https:\/\/www.soundman-instruments.com\/index.php?rest_route=\/wp\/v2\/product\/843"}],"collection":[{"href":"https:\/\/www.soundman-instruments.com\/index.php?rest_route=\/wp\/v2\/product"}],"about":[{"href":"https:\/\/www.soundman-instruments.com\/index.php?rest_route=\/wp\/v2\/types\/product"}],"wp:featuredmedia":[{"embeddable":true,"href":"https:\/\/www.soundman-instruments.com\/index.php?rest_route=\/wp\/v2\/media\/99"}],"wp:attachment":[{"href":"https:\/\/www.soundman-instruments.com\/index.php?rest_route=%2Fwp%2Fv2%2Fmedia&parent=843"}],"wp:term":[{"taxonomy":"product_cat","embeddable":true,"href":"https:\/\/www.soundman-instruments.com\/index.php?rest_route=%2Fwp%2Fv2%2Fproduct_cat&post=843"},{"taxonomy":"product_tag","embeddable":true,"href":"https:\/\/www.soundman-instruments.com\/index.php?rest_route=%2Fwp%2Fv2%2Fproduct_tag&post=843"}],"curies":[{"name":"wp","href":"https:\/\/api.w.org\/{rel}","templated":true}]}}