{"id":837,"date":"2024-01-26T15:53:24","date_gmt":"2024-01-26T14:53:24","guid":{"rendered":"https:\/\/www.soundman-instruments.com\/?post_type=product&#038;p=837"},"modified":"2024-03-01T09:44:28","modified_gmt":"2024-03-01T08:44:28","slug":"etr-511-trompete","status":"publish","type":"product","link":"https:\/\/www.soundman-instruments.com\/?product=etr-511-trompete","title":{"rendered":"ETR-511 Trompete (ML Bohrung)"},"content":{"rendered":"<p>Die Soundman\u00ae ETR-511 Trompetenserie bietet gute Einsteigermodelle f\u00fcr Anf\u00e4nger und Fortgeschrittene. <\/p>\n<p>Unsere Instrumente besitzen eine leichte Ansprache und einen guten, vollen Klang. Die Ventile aus hochwertigem Edelstahl garantieren eine lange Lebensdauer. Ideal f\u00fcr Sch\u00fcler, die lieber eine eigene Trompete anstelle eines Mietinstruments besitzen m\u00f6chten.<\/p>\n","protected":false},"excerpt":{"rendered":"<ul>\n<li>\u00a0in B<em>b<\/em>\u00a0(Messing, lackiert)<\/li>\n<li>\u00a0Neusilber-Mundrohr, Neusilber-Stimmz\u00fcge<\/li>\n<li>\u00a03 P\u00e9rinetventile aus Edelstahl<\/li>\n<li>\u00a0ML-Bohrung: 11,65 mm<\/li>\n<li>\u00a0Schallst\u00fcckdurchmesser: 124 mm<\/li>\n<li>\u00a0Gewicht: 1.070 g<\/li>\n<li>\u00a0Mundst\u00fcck 7C<\/li>\n<li>\u00a0inkl. Koffer mit Rucksackfunktion, Pflegezubeh\u00f6r<\/li>\n<\/ul>\n","protected":false},"featured_media":71,"template":"","meta":{"_themeisle_gutenberg_block_has_review":false},"product_cat":[27],"product_tag":[],"_links":{"self":[{"href":"https:\/\/www.soundman-instruments.com\/index.php?rest_route=\/wp\/v2\/product\/837"}],"collection":[{"href":"https:\/\/www.soundman-instruments.com\/index.php?rest_route=\/wp\/v2\/product"}],"about":[{"href":"https:\/\/www.soundman-instruments.com\/index.php?rest_route=\/wp\/v2\/types\/product"}],"wp:featuredmedia":[{"embeddable":true,"href":"https:\/\/www.soundman-instruments.com\/index.php?rest_route=\/wp\/v2\/media\/71"}],"wp:attachment":[{"href":"https:\/\/www.soundman-instruments.com\/index.php?rest_route=%2Fwp%2Fv2%2Fmedia&parent=837"}],"wp:term":[{"taxonomy":"product_cat","embeddable":true,"href":"https:\/\/www.soundman-instruments.com\/index.php?rest_route=%2Fwp%2Fv2%2Fproduct_cat&post=837"},{"taxonomy":"product_tag","embeddable":true,"href":"https:\/\/www.soundman-instruments.com\/index.php?rest_route=%2Fwp%2Fv2%2Fproduct_tag&post=837"}],"curies":[{"name":"wp","href":"https:\/\/api.w.org\/{rel}","templated":true}]}}