{"id":829,"date":"2024-01-26T15:53:24","date_gmt":"2024-01-26T14:53:24","guid":{"rendered":"https:\/\/www.soundman-instruments.com\/?post_type=product&#038;p=829"},"modified":"2024-08-27T14:22:47","modified_gmt":"2024-08-27T12:22:47","slug":"efl-601-querfloete","status":"publish","type":"product","link":"https:\/\/www.soundman-instruments.com\/?product=efl-601-querfloete","title":{"rendered":"EFL-601 Querfl\u00f6te"},"content":{"rendered":"<p>Bei den Modellen der Soundman\u00ae Querfl\u00f6ten-Reihe EFL-601 haben wir die Eigenschaften der 501-Querfl\u00f6ten-Reihe noch verbessert.<\/p>\n<p>Die Mechanik wurde optimiert und das Kopfst\u00fcck noch feiner verarbeitet. Der Klang ist dadurch noch sch\u00f6ner und die Querfl\u00f6te l\u00e4sst sich leichter anspielen.<\/p>\n<p>Die Fl\u00f6te ist aufgrund ihrer genannten Eigenschaften sehr gut geeignet f\u00fcr Anf\u00e4nger und Fortgeschrittene, die sich f\u00fcr ein gehobeneres Modell entscheiden wollen.<\/p>\n","protected":false},"excerpt":{"rendered":"<p>Querfl\u00f6te in C &#8211; E-Mechanik, vorgezogene G-Klappe -Lieferung in hochwertigem Holzkoffer mit Tragetasche und Pflegezubeh\u00f6r<\/p>\n","protected":false},"featured_media":65,"template":"","meta":{"_themeisle_gutenberg_block_has_review":false},"product_cat":[21],"product_tag":[],"_links":{"self":[{"href":"https:\/\/www.soundman-instruments.com\/index.php?rest_route=\/wp\/v2\/product\/829"}],"collection":[{"href":"https:\/\/www.soundman-instruments.com\/index.php?rest_route=\/wp\/v2\/product"}],"about":[{"href":"https:\/\/www.soundman-instruments.com\/index.php?rest_route=\/wp\/v2\/types\/product"}],"wp:featuredmedia":[{"embeddable":true,"href":"https:\/\/www.soundman-instruments.com\/index.php?rest_route=\/wp\/v2\/media\/65"}],"wp:attachment":[{"href":"https:\/\/www.soundman-instruments.com\/index.php?rest_route=%2Fwp%2Fv2%2Fmedia&parent=829"}],"wp:term":[{"taxonomy":"product_cat","embeddable":true,"href":"https:\/\/www.soundman-instruments.com\/index.php?rest_route=%2Fwp%2Fv2%2Fproduct_cat&post=829"},{"taxonomy":"product_tag","embeddable":true,"href":"https:\/\/www.soundman-instruments.com\/index.php?rest_route=%2Fwp%2Fv2%2Fproduct_tag&post=829"}],"curies":[{"name":"wp","href":"https:\/\/api.w.org\/{rel}","templated":true}]}}