{"id":823,"date":"2024-01-26T15:53:24","date_gmt":"2024-01-26T14:53:24","guid":{"rendered":"https:\/\/www.soundman-instruments.com\/?post_type=product&#038;p=823"},"modified":"2024-09-02T08:34:08","modified_gmt":"2024-09-02T06:34:08","slug":"ecs-600-sopransaxophon-gebogene-form","status":"publish","type":"product","link":"https:\/\/www.soundman-instruments.com\/?product=ecs-600-sopransaxophon-gebogene-form","title":{"rendered":"ECS-600 Sopransaxophon (gebogene Form)"},"content":{"rendered":"<p>Unser ECS-600 <a href=\"https:\/\/de.wikipedia.org\/wiki\/Sopransaxophon#Bauformen\">gebogenes<\/a> Sopransaxophon bietet eine leichte Ansprache und eine exzellente Intonation. Die Mechanik ist absolut zuverl\u00e4ssig und gut verarbeitet. Viele Sch\u00fcler benutzen dieses Saxophon als Einsteigerinstrument, es ist jedoch auch gut als Zweitinstrument f\u00fcr Profisaxophonisten geeignet.<\/p>\n<p>Dem ECS-600 liegt ein vollst\u00e4ndiges Zubeh\u00f6rset (bestehend aus <span class=\"a-list-item\">hochwertigem ESM-Schreiber-Mundst\u00fcck, <\/span><span class=\"a-list-item\"> Blatt, Wischer, Korkfett, Gurt und Koffer<\/span><span class=\"a-list-item\">) bei, so dass Sie sofort loslegen k\u00f6nnen!<\/span><\/p>\n","protected":false},"excerpt":{"rendered":"<ul class=\"a-unordered-list a-vertical a-spacing-mini\">\n<li class=\"a-spacing-mini\">bei dem ECS-600 handelt es sich um unser gebogenes Sopransaxophon &#8211;<\/li>\n<li class=\"a-spacing-mini\">leichte Ansprache und eine exzellente Intonation &#8211;<\/li>\n<li>absolut zuverl\u00e4ssige und gut verarbeitete Mechanik &#8211;<\/li>\n<li><span class=\"a-list-item\">Stimmung: B &#8211;\u00a0<\/span><\/li>\n<li class=\"a-spacing-mini\"><span class=\"a-list-item\">Korpus und S-B\u00f6gen aus Messing &#8211;<\/span><\/li>\n<li class=\"a-spacing-mini\"><span class=\"a-list-item\">Lederpolster &#8211;<\/span><\/li>\n<li class=\"a-spacing-mini\"><span class=\"a-list-item\">Stahlfedern &#8211;<\/span><\/li>\n<li class=\"a-spacing-mini\"><span class=\"a-list-item\">abnehmbarer S-Bogen &#8211;<\/span><\/li>\n<li class=\"a-spacing-mini\"><span class=\"a-list-item\">mit Hoch-Fis-Klappe &#8211;<\/span><\/li>\n<li class=\"a-spacing-mini\"><span class=\"a-list-item\">im Lieferumfang inbegriffen: ein hochwertiges ESM Schreiber-Mundst\u00fcck, Blatt, Wischer, Korkfett, Gurt sowie ein Koffer<br \/>\n<\/span><\/li>\n<li class=\"a-spacing-mini\"><span class=\"a-list-item\">Unsere TCS-171 werden einzeln in einer Fachwerkstatt gepr\u00fcft.<\/span><\/li>\n<\/ul>\n","protected":false},"featured_media":1602,"template":"","meta":{"_themeisle_gutenberg_block_has_review":false},"product_cat":[20],"product_tag":[],"_links":{"self":[{"href":"https:\/\/www.soundman-instruments.com\/index.php?rest_route=\/wp\/v2\/product\/823"}],"collection":[{"href":"https:\/\/www.soundman-instruments.com\/index.php?rest_route=\/wp\/v2\/product"}],"about":[{"href":"https:\/\/www.soundman-instruments.com\/index.php?rest_route=\/wp\/v2\/types\/product"}],"wp:featuredmedia":[{"embeddable":true,"href":"https:\/\/www.soundman-instruments.com\/index.php?rest_route=\/wp\/v2\/media\/1602"}],"wp:attachment":[{"href":"https:\/\/www.soundman-instruments.com\/index.php?rest_route=%2Fwp%2Fv2%2Fmedia&parent=823"}],"wp:term":[{"taxonomy":"product_cat","embeddable":true,"href":"https:\/\/www.soundman-instruments.com\/index.php?rest_route=%2Fwp%2Fv2%2Fproduct_cat&post=823"},{"taxonomy":"product_tag","embeddable":true,"href":"https:\/\/www.soundman-instruments.com\/index.php?rest_route=%2Fwp%2Fv2%2Fproduct_tag&post=823"}],"curies":[{"name":"wp","href":"https:\/\/api.w.org\/{rel}","templated":true}]}}