{"id":819,"date":"2024-01-26T15:53:24","date_gmt":"2024-01-26T14:53:24","guid":{"rendered":"https:\/\/www.soundman-instruments.com\/?post_type=product&#038;p=819"},"modified":"2024-03-01T09:44:27","modified_gmt":"2024-03-01T08:44:27","slug":"eas-600-altsaxophon","status":"publish","type":"product","link":"https:\/\/www.soundman-instruments.com\/?product=eas-600-altsaxophon","title":{"rendered":"EAS-600 Altsaxophon"},"content":{"rendered":"<p>Die Modelle der Soundman\u00ae 600er Saxophonserie bietet diverse Verbesserungen zu unserer 500er Serie. Die Intonation ist genauer und der Klang ist noch voller und runder.<\/p>\n<p>Auf der mechanischen Seite sind insbesondere die h\u00f6henverstellbaren Klappen f\u00fcr die linke Hand zu erw\u00e4hnen. Diese Neuerung macht das Spielen noch wesentlich bequemer &#8211; vor allem f\u00fcr Kinder, deren H\u00e4nde noch nicht gro\u00df genug ist. <\/p>\n","protected":false},"excerpt":{"rendered":"<ul>\n<li>\u00a0Stabilere Oktavklappe an der Unterseite des S-Bogens<\/li>\n<li>\u00a0Leichtg\u00e4ngigere Mechanik im tiefen Bereich (doppelte Klappenverbindung bei c, h und b)<\/li>\n<li>\u00a0Hochwertige italienische Lederpolster<\/li>\n<\/ul>\n","protected":false},"featured_media":57,"template":"","meta":{"_themeisle_gutenberg_block_has_review":false},"product_cat":[20],"product_tag":[],"_links":{"self":[{"href":"https:\/\/www.soundman-instruments.com\/index.php?rest_route=\/wp\/v2\/product\/819"}],"collection":[{"href":"https:\/\/www.soundman-instruments.com\/index.php?rest_route=\/wp\/v2\/product"}],"about":[{"href":"https:\/\/www.soundman-instruments.com\/index.php?rest_route=\/wp\/v2\/types\/product"}],"wp:featuredmedia":[{"embeddable":true,"href":"https:\/\/www.soundman-instruments.com\/index.php?rest_route=\/wp\/v2\/media\/57"}],"wp:attachment":[{"href":"https:\/\/www.soundman-instruments.com\/index.php?rest_route=%2Fwp%2Fv2%2Fmedia&parent=819"}],"wp:term":[{"taxonomy":"product_cat","embeddable":true,"href":"https:\/\/www.soundman-instruments.com\/index.php?rest_route=%2Fwp%2Fv2%2Fproduct_cat&post=819"},{"taxonomy":"product_tag","embeddable":true,"href":"https:\/\/www.soundman-instruments.com\/index.php?rest_route=%2Fwp%2Fv2%2Fproduct_tag&post=819"}],"curies":[{"name":"wp","href":"https:\/\/api.w.org\/{rel}","templated":true}]}}