{"id":1451,"date":"2024-01-26T17:43:54","date_gmt":"2024-01-26T17:43:54","guid":{"rendered":"https:\/\/www.soundman-instruments.com\/?page_id=1451"},"modified":"2024-01-26T17:43:54","modified_gmt":"2024-01-26T17:43:54","slug":"ueber-soundman-instruments","status":"publish","type":"page","link":"https:\/\/www.soundman-instruments.com\/?page_id=1451","title":{"rendered":"\u00dcber Soundman Instruments"},"content":{"rendered":"\n<p>Willkommen!<\/p>\n\n\n\n<p>Soundman Instruments hat sich zum Ziel gesetzt, qualitativ hochwertige Holz- und Blechblasinstrumente zu einem attraktiven Preis anzubieten. Als Zielgruppe sind hier insbesondere Musikschulen, Musikvereine sowie semi-professionelle Musiker zu nennen. Seit der Einf\u00fchrung von Soundman-Instrumenten auf dem europ\u00e4ischen Markt im Jahre 2004 best\u00e4tigen bereits \u00fcber 10.000 zufriedene Kunden die Qualit\u00e4t sowie das \u00fcberaus gute Preis-\/Leistungsverh\u00e4ltnis von Soundman.<\/p>\n\n\n\n<p>Hergestellt werden die Instrumente von mittelst\u00e4ndischen Instrumentenbauern in China. Die dort t\u00e4tigen Angestellten werden f\u00fcr chinesische Verh\u00e4ltnisse \u00fcberdurchschnittlich entlohnt. Als F\u00f6rdermitglied bei unicef garantieren wir, dass vor Ort keine Kinderarbeit stattfindet.<\/p>\n\n\n\n<p>Bedingt durch die Gr\u00f6\u00dfe der Betriebe und das Engagement der Arbeiter lassen sich W\u00fcnsche und Anregungen von Kunden, die durch den lebendigen Dialog zwischen H\u00e4ndlern und Herstellern schnell Geh\u00f6r finden, kurzfristig und erfolgreich umsetzen.<\/p>\n\n\n\n<p>Auf diesem Wege lie\u00df sich die Qualit\u00e4t der Instrumente \u00fcber die letzten Jahre bereits fortw\u00e4hrend verbessern. Diese Mentalit\u00e4t verfolgt Soundman auch weiterhin.<\/p>\n\n\n\n<figure class=\"wp-block-image aligncenter size-full is-resized\"><img loading=\"lazy\" decoding=\"async\" width=\"256\" height=\"144\" src=\"https:\/\/www.soundman-instruments.com\/wp-content\/uploads\/2024\/01\/unicef.jpg\" alt=\"\" class=\"wp-image-1452\" style=\"width:249px;height:auto\"\/><\/figure>\n","protected":false},"excerpt":{"rendered":"<p>Willkommen! Soundman Instruments hat sich zum Ziel gesetzt, qualitativ hochwertige Holz- und Blechblasinstrumente zu einem attraktiven Preis anzubieten. Als Zielgruppe sind hier insbesondere Musikschulen, Musikvereine sowie semi-professionelle Musiker zu nennen. Seit der Einf\u00fchrung von Soundman-Instrumenten auf dem europ\u00e4ischen Markt im Jahre 2004 best\u00e4tigen bereits \u00fcber 10.000 zufriedene Kunden die Qualit\u00e4t sowie das \u00fcberaus gute Preis-\/Leistungsverh\u00e4ltnis [&hellip;]<\/p>\n","protected":false},"author":2,"featured_media":0,"parent":0,"menu_order":0,"comment_status":"closed","ping_status":"closed","template":"","meta":{"_themeisle_gutenberg_block_has_review":false,"footnotes":""},"_links":{"self":[{"href":"https:\/\/www.soundman-instruments.com\/index.php?rest_route=\/wp\/v2\/pages\/1451"}],"collection":[{"href":"https:\/\/www.soundman-instruments.com\/index.php?rest_route=\/wp\/v2\/pages"}],"about":[{"href":"https:\/\/www.soundman-instruments.com\/index.php?rest_route=\/wp\/v2\/types\/page"}],"author":[{"embeddable":true,"href":"https:\/\/www.soundman-instruments.com\/index.php?rest_route=\/wp\/v2\/users\/2"}],"replies":[{"embeddable":true,"href":"https:\/\/www.soundman-instruments.com\/index.php?rest_route=%2Fwp%2Fv2%2Fcomments&post=1451"}],"version-history":[{"count":2,"href":"https:\/\/www.soundman-instruments.com\/index.php?rest_route=\/wp\/v2\/pages\/1451\/revisions"}],"predecessor-version":[{"id":1470,"href":"https:\/\/www.soundman-instruments.com\/index.php?rest_route=\/wp\/v2\/pages\/1451\/revisions\/1470"}],"wp:attachment":[{"href":"https:\/\/www.soundman-instruments.com\/index.php?rest_route=%2Fwp%2Fv2%2Fmedia&parent=1451"}],"curies":[{"name":"wp","href":"https:\/\/api.w.org\/{rel}","templated":true}]}}